{"id":17,"date":"2017-05-10T14:00:06","date_gmt":"2017-05-10T12:00:06","guid":{"rendered":"https:\/\/astrologiestructurale.com\/?page_id=17"},"modified":"2023-04-21T15:43:25","modified_gmt":"2023-04-21T13:43:25","slug":"consultations","status":"publish","type":"page","link":"https:\/\/astrologiestructurale.com\/index.php\/consultations\/","title":{"rendered":"CONSULTATIONS"},"content":{"rendered":"<div id=\"dslc-content\" class=\"dslc-content dslc-clearfix\"><div id=\"dslc-main\">\n\t\t<div  class=\"dslc-modules-section  dslc-init-parallax  dslc-full \" style=\"margin-bottom:40px;padding-bottom:150px;padding-top:150px;background-image:url(https:\/\/astrologiestructurale.com\/wp-content\/uploads\/2017\/05\/4973.png);background-repeat:no-repeat;background-position:center top;background-attachment:parallax;background-size:cover;\" data-section-id=\"bc8a4b2766b\">\n\t\t\t\t\n\t\t\t\t\n\t\t\t\t<div class=\"dslc-modules-section-wrapper dslc-clearfix\"><div class=\"dslc-modules-area dslc-col dslc-12-col dslc-last-col dslc-valign- \" data-size=\"12\" data-valign=\"\">\n\t\t<div id=\"dslc-module-73\" class=\"dslc-module-front dslc-module-DSLC_Text_Simple dslc-in-viewport-check dslc-in-viewport-anim-none  dslc-col dslc-12-col dslc-last-col  dslc-module-handle-like-regular \" data-module-id=\"73\" data-module=\"DSLC_Text_Simple\" data-dslc-module-size=\"12\" data-dslc-anim=\"none\" data-dslc-anim-delay=\"0\" data-dslc-anim-duration=\"650\"  data-dslc-anim-easing=\"ease\" data-dslc-preset=\"none\" >\n\n\t\t\t\n\t\t\t\n\t\t\n\t\t<div class=\"dslc-text-module-content\">\n\t\t\t\u00a0\n<h1 style=\"text-align: center; text-transform: uppercase; font-size: 76px;\"><span style=\"color: #ffffff;\">CONSULTATIONS<\/span><\/h1><br>\n\n\u00a0\t\t<\/div>\n\n\t\t\n\t\t\t\t<\/div><!-- .dslc-module -->\n\t\t<\/div><\/div><\/div>\n\t\t<div  class=\"dslc-modules-section  dslc-full \" style=\"margin-bottom:37px;padding-bottom:0px;padding-top:0px;\" data-section-id=\"e102ce1131d\">\n\t\t\t\t\n\t\t\t\t\n\t\t\t\t<div class=\"dslc-modules-section-wrapper dslc-clearfix\"><div class=\"dslc-modules-area dslc-col dslc-2-col dslc-first-col dslc-valign- \" data-size=\"2\" data-valign=\"\"><\/div><div class=\"dslc-modules-area dslc-col dslc-8-col  dslc-valign- \" data-size=\"8\" data-valign=\"\">\n\t\t<div id=\"dslc-module-121\" class=\"dslc-module-front dslc-module-DSLC_Text_Simple dslc-in-viewport-check dslc-in-viewport-anim-none  dslc-col dslc-12-col dslc-last-col  dslc-module-handle-like-regular \" data-module-id=\"121\" data-module=\"DSLC_Text_Simple\" data-dslc-module-size=\"12\" data-dslc-anim=\"none\" data-dslc-anim-delay=\"0\" data-dslc-anim-duration=\"650\"  data-dslc-anim-easing=\"ease\" data-dslc-preset=\"none\" >\n\n\t\t\t\n\t\t\t\n\t\t\n\t\t<div class=\"dslc-text-module-content\">\n\t\t\t<p style=\"text-align: center;\"><strong><span style=\"color: #ff9900;\">Les diverses techniques astrologiques abordent l\u2019interpr\u00e9tation du Th\u00e8me Natal sous des angles diff\u00e9rents. Je vous propose donc de choisir la consultation la plus adapt\u00e9e \u00e0 votre questionnement du moment.<\/span><\/strong><\/p>\t\t<\/div>\n\n\t\t\n\t\t\t\t<\/div><!-- .dslc-module -->\n\t\t\n\t\t<div id=\"dslc-module-151\" class=\"dslc-module-front dslc-module-DSLC_Text_Simple dslc-in-viewport-check dslc-in-viewport-anim-none  dslc-col dslc-12-col dslc-last-col  dslc-module-handle-like-regular \" data-module-id=\"151\" data-module=\"DSLC_Text_Simple\" data-dslc-module-size=\"12\" data-dslc-anim=\"none\" data-dslc-anim-delay=\"0\" data-dslc-anim-duration=\"650\"  data-dslc-anim-easing=\"ease\" data-dslc-preset=\"none\" >\n\n\t\t\t\n\t\t\t\n\t\t\n\t\t<div class=\"dslc-text-module-content\">\n\t\t\t<div style=\"text-align: center;\">\n<a href=\"#bilan2\" style=\"font-size: 18px; color: #ff9900; text-transform: uppercase; font-weight: bold; display: inline-block; border-radius: 3px; padding: 8px 50px; margin: 8px; border: 2px solid #ff9900;\">L\u2019\u00e9tude structurale<\/a>\n<a href=\"#bilan\" style=\"font-size: 18px; color: #ff9900; text-transform: uppercase; font-weight: bold; display: inline-block; border-radius: 3px; padding: 8px 50px; margin: 8px; border: 2px solid #ff9900;\">Le th\u00e8me d'enfant<\/a>\n<a href=\"#structurale\" style=\"font-size: 18px; color: #ff9900; text-transform: uppercase; font-weight: bold; display: inline-block; border-radius: 3px; padding: 8px 50px; margin: 8px; border: 2px solid #ff9900;\">L'\u00e9tude pr\u00e9visionnelle<\/a>\n<a href=\"#previsionnelle\" style=\"font-size: 18px; color: #ff9900; text-transform: uppercase; font-weight: bold; display: inline-block; border-radius: 3px; padding: 8px 50px; margin: 8px; border: 2px solid #ff9900;\">L'orientation professionnelle<\/a>\n<a href=\"#profession55\" \"=\"\" style=\"font-size: 18px; color: #ff9900; text-transform: uppercase; font-weight: bold; display: inline-block; border-radius: 3px; padding: 8px 50px; margin: 8px; border: 2px solid #ff9900;\">L'\u00e9tude de couple<\/a>\n<a href=\"#profession55\" style=\" font-size: 18px; color: #ff9900; text-transform: uppercase; font-weight: bold; display: inline-block; border-radius: 3px; padding: 8px 50px; margin: 8px; border: 2px solid #ff9900;\">Le chemin de vie<\/a>\n<a href=\"#bilan2\" style=\"font-size: 18px; color: #ff9900; text-transform: uppercase; font-weight: bold; display: inline-block; border-radius: 3px; padding: 8px 50px; margin: 8px; border: 2px solid #ff9900;\">choix d'une date favorable<\/a>\n<\/div>\t\t<\/div>\n\n\t\t\n\t\t\t\t<\/div><!-- .dslc-module -->\n\t\t<\/div><div class=\"dslc-modules-area dslc-col dslc-2-col dslc-last-col dslc-valign- \" data-size=\"2\" data-valign=\"\"><\/div><\/div><\/div>\n\t\t<div  class=\"dslc-modules-section  dslc-full \" style=\"margin-bottom:37px;padding-bottom:0px;padding-top:0px;\" data-section-id=\"d7829c8e100\">\n\t\t\t\t\n\t\t\t\t\n\t\t\t\t<div class=\"dslc-modules-section-wrapper dslc-clearfix\"><div class=\"dslc-modules-area dslc-col dslc-2-col dslc-first-col dslc-valign- \" data-size=\"2\" data-valign=\"\"><\/div><div class=\"dslc-modules-area dslc-col dslc-8-col  dslc-valign- \" data-size=\"8\" data-valign=\"\">\n\t\t<div id=\"dslc-module-125\" class=\"dslc-module-front dslc-module-DSLC_Text_Simple dslc-in-viewport-check dslc-in-viewport-anim-none  dslc-col dslc-12-col dslc-last-col  dslc-module-handle-like-regular \" data-module-id=\"125\" data-module=\"DSLC_Text_Simple\" data-dslc-module-size=\"12\" data-dslc-anim=\"none\" data-dslc-anim-delay=\"\" data-dslc-anim-duration=\"650\"  data-dslc-anim-easing=\"ease\" data-dslc-preset=\"none\" >\n\n\t\t\t\n\t\t\t\n\t\t\n\t\t<div class=\"dslc-text-module-content\">\n\t\t\t<h4 style=\"text-align: center;\"><span style=\"color: #ffffff;\">Consultations sur rendez-vous. En pr\u00e9sentiel, et en vid\u00e9oconf\u00e9rence (Zoom) ou par t\u00e9l\u00e9phone : <\/span><\/h4>\n<h4 style=\"text-align: center;\"><span style=\"color: #ffffff;\">Demandes d'information et rendez-vous : <\/span><\/h4>\n<p id=\"bilan2\" style=\"text-align: center;\"><span style=\"color: #ffffff;\"><strong>de pr\u00e9f\u00e9rence par mail : jsr75@protonmail.com<\/strong> <\/span><\/p>\n<p style=\"text-align: center;\"><span style=\"color: #ffffff;\">ou par t\u00e9l\u00e9phone:  00 33 7 67 75 36 69 ( mobile)<\/span><\/p>\n\n<p style=\"text-align: center;\"><span style=\"color: #ffffff;\"> Dur\u00e9e des entretiens : 1h<\/span><\/p>\n<p style=\"text-align: center;\"><span style=\"color: #ffffff;\"> Enregistrement vivement conseill\u00e9.<\/span><\/p>\t\t<\/div>\n\n\t\t\n\t\t\t\t<\/div><!-- .dslc-module -->\n\t\t\n\t\t<div id=\"dslc-module-149\" class=\"dslc-module-front dslc-module-DSLC_Text_Simple dslc-in-viewport-check dslc-in-viewport-anim-none  dslc-col dslc-12-col dslc-last-col  dslc-module-handle-like-regular \" data-module-id=\"149\" data-module=\"DSLC_Text_Simple\" data-dslc-module-size=\"12\" data-dslc-anim=\"none\" data-dslc-anim-delay=\"\" data-dslc-anim-duration=\"650\"  data-dslc-anim-easing=\"ease\" data-dslc-preset=\"none\" >\n\n\t\t\t\n\t\t\t\n\t\t\n\t\t<div class=\"dslc-text-module-content\">\n\t\t\t<h1 id=\"bilan\" style=\"text-align: center;\"><span style=\"color: #ff9900;\">L\u2019Etude structurale<\/span><\/h1>\n<strong>Les symboles astrologiques d\u00e9crivent les diff\u00e9rents aspects de votre personnalit\u00e9 dans toute leur richesse et leurs contrastes<\/strong> : conflits int\u00e9rieurs, blocages, mais aussi facilit\u00e9s et points forts deviennent \u00e9vidents. La lecture du Th\u00e8me Natal permet de distinguer les potentiels que vous exprimez librement de ceux qui attendent d\u2019\u00eatre reconnus et int\u00e9gr\u00e9s. Elle d\u00e9signe \u00e9galement les causes des comportements r\u00e9p\u00e9titifs qui limitent votre \u00e9panouissement affectif et relationnel, et r\u00e9v\u00e8le les ressources dont vous disposez pour cr\u00e9er une vie en accord avec vos aspirations profondes.\n<h1 id=\"structurale\" style=\"text-align: center;\"><span style=\"color: #ff9900;\">Le th\u00e8me d'enfant<\/span><\/h1>\nCette \u00e9tude est une <strong>aide \u00e0 l'\u00e9ducation<\/strong>: elle met en lumi\u00e8re la nature profonde de l'enfant, les potentiels dont il est porteur, et pointe les endroits o\u00f9 l'inconscient familial peut g\u00eaner sa croissance naturelle.\n<h1 id=\"previsionnelle\" style=\"text-align: center;\"><span style=\"color: #ff9900;\">L\u2019Etude Pr\u00e9visionnelle<\/span><\/h1>\n<strong>L\u2019Astrologie Structurale est aussi un outil de pr\u00e9vision qui r\u00e9pond aux interrogations concernant votre devenir.<\/strong> Sans pr\u00e9dire un destin \u00e9crit d\u2019avance, elle vous informe sur les cycles de transformation actifs dans l'ann\u00e9e \u00e0 venir. Elle pr\u00e9cise les p\u00e9riodes cl\u00e9s de ces cycles et les types d\u2019\u00e9v\u00e9nements qui les accompagnent, en montrant quel r\u00f4le ils jouent dans votre \u00e9volution. Cette \u00e9tude ne s\u2019apparente pas \u00e0 la pr\u00e9diction \u00e9v\u00e9nementielle de l\u2019astrologie traditionnelle ou de la cartomancie mais s\u2019attache avant tout \u00e0 r\u00e9v\u00e9ler le sens des \u00e9v\u00e9nements que vous vivez. Loin de vous enfermer dans un attentisme de ce qui est cens\u00e9 vous arriver, elle met en lumi\u00e8re les opportunit\u00e9s dont vous allez disposer pour continuer \u00e0 vous affranchir des conditionnements restrictifs de votre pass\u00e9. <em>Pour que cette consultation soit pleinement profitable, il est pr\u00e9f\u00e9rable d'avoir au pr\u00e9alable r\u00e9alis\u00e9 l'\u00e9tude structurale, puisque cette \u00e9tude d\u00e9crit la nature des questions \u00e0 r\u00e9soudre, et que le pr\u00e9visionnel indique les moments propices et les conditions de leur r\u00e9solution.<\/em>\n<h1 id=\"profession55\" style=\"text-align: center;\"><span style=\"color: #ff9900;\">L\u2019Orientation Professionnelle<\/span><\/h1>\n<strong>Votre Th\u00e8me Natal d\u00e9finit les ressources dont vous disposez pour r\u00e9ussir votre vie professionnelle.<\/strong> Il indique les types d\u2019activit\u00e9s les plus propices \u00e0 la valorisation de vos aptitudes, et donc les domaines dans lesquels vous avez le plus de chances de vous \u00e9panouir. Il pointe \u00e9galement l\u2019origine de vos \u00e9ventuelles difficult\u00e9s \u00e0 trouver la voie qui vous conviendrait vraiment. Cette \u00e9tude int\u00e9resse aussi bien l\u2019adulte en qu\u00eate d\u2019un m\u00e9tier plus satisfaisant que l\u2019adolescent \u00e0 l\u2019heure du choix de son orientation scolaire.\n<h1 id=\"couple\" style=\"text-align: center;\"><span style=\"color: #ff9900;\">L\u2019Etude de Couple<\/span><\/h1>\n<strong>Chaque relation que vous vivez, ou d\u00e9sirez vivre, poss\u00e8de une alchimie subtile et implique des \u00e9changes \u00e0 de nombreux niveaux<\/strong> : \u00e9motionnel, affectif, intellectuel\u2026 La mise en regard de votre Th\u00e8me Astrologique avec celui de la personne concern\u00e9e par votre demande, clarifie ces diff\u00e9rents niveaux et fait appara\u00eetre ce qui peut g\u00eaner ou au contraire consolider la relation. Cette \u00e9tude est \u00e9galement pertinente pour vos relations familiales et professionnelles.\n<h1 id=\"chemdevie\" style=\"text-align: center;\"><span style=\"color: #ff9900;\">Le Chemin de Vie<\/span><\/h1>\n<strong>Quel est le but spirituel de votre vie ?<\/strong> Au-del\u00e0 des d\u00e9sirs personnels (affectifs, professionnels, mat\u00e9riels.. ), l\u00e9gitimes \u00e0 leur niveau, quel est le r\u00f4le que vous \u00eates appel\u00e9s \u00e0 jouer dans la grande symphonie de la vie ? Comment orienter votre existence dans la perspective de cet accomplissement ? Et sur quelles ressources particuli\u00e8res pouvez-vous compter pour relever ce d\u00e9fi ? Cette \u00e9tude pr\u00e9cise les \u00e9tapes du chemin initiatique qui vous conduit au but et ce que la r\u00e9alisation de chaque \u00e9tape implique dans votre vie quotidienne. <span style=\"color: #ff9900;\"><strong>Cette \u00e9tude n'est pas propos\u00e9e en premier entretien. L'\u00e9tude structurale est un pr\u00e9alable indispensable.<\/strong><\/span>\n<h1 id=\"bilan\" style=\"text-align: center;\"><span style=\"color: #ff9900;\">Choix d'une date favorable<\/span><\/h1>\nL'astrologie s'av\u00e8re \u00e9galement tr\u00e8s utile pour d\u00e9terminer un moment propice pour d\u00e9marrer une activit\u00e9 professionnelle ou autre, subir une op\u00e9ration chirurgicale, c\u00e9l\u00e9brer un mariage, etc... La cr\u00e9ation d'une entreprise, ou la d\u00e9claration officielle d'une activit\u00e9 lib\u00e9rale peut aussi beaucoup b\u00e9n\u00e9ficier de la recherche d'un moment porteur pour l'avenir.\t\t<\/div>\n\n\t\t\n\t\t\t\t<\/div><!-- .dslc-module -->\n\t\t<\/div><div class=\"dslc-modules-area dslc-col dslc-2-col dslc-last-col dslc-valign- \" data-size=\"2\" data-valign=\"\"><\/div><\/div><\/div>\n\t\t<div  class=\"dslc-modules-section  dslc-full \" style=\"margin-bottom:37px;padding-bottom:0px;padding-top:0px;\" data-section-id=\"d31d0b9d95e\">\n\t\t\t\t\n\t\t\t\t\n\t\t\t\t<div class=\"dslc-modules-section-wrapper dslc-clearfix\"><div class=\"dslc-modules-area dslc-col dslc-2-col dslc-first-col dslc-valign- \" data-size=\"2\" data-valign=\"\"><\/div><div class=\"dslc-modules-area dslc-col dslc-8-col  dslc-valign- \" data-size=\"8\" data-valign=\"\">\n\t\t<div id=\"dslc-module-187\" class=\"dslc-module-front dslc-module-DSLC_Text_Simple dslc-in-viewport-check dslc-in-viewport-anim-none  dslc-col dslc-12-col dslc-last-col  dslc-module-handle-like-regular \" data-module-id=\"187\" data-module=\"DSLC_Text_Simple\" data-dslc-module-size=\"12\" data-dslc-anim=\"none\" data-dslc-anim-delay=\"\" data-dslc-anim-duration=\"650\"  data-dslc-anim-easing=\"ease\" data-dslc-preset=\"none\" >\n\n\t\t\t\n\t\t\t\n\t\t\n\t\t<div class=\"dslc-text-module-content\">\n\t\t\t<h4 style=\"text-align: center;\"><span style=\"color: #ffffff;\">Consultations sur rendez-vous \u00e0 Paris et Bruxelles. Egalement en vid\u00e9oconf\u00e9rence (Zoom, Whatsapp) ou par t\u00e9l\u00e9phone : <\/span><\/h4><h4 style=\"text-align: center;\"><span style=\"color: #ffffff;\">Demandes d'information et rendez-vous : <\/span><\/h4><p id=\"bilan2\" style=\"text-align: center;\"><span style=\"color: #ffffff;\"><strong>de pr\u00e9f\u00e9rence par mail : jsr75@protonmail.com<\/strong> <\/span><\/p><p style=\"text-align: center;\"><span style=\"color: #ffffff;\">ou par t\u00e9l\u00e9phone: Paris : 00 33 7 67 75 36 69 ( mobile)<\/span><\/p><p style=\"text-align: center;\"><span style=\"color: #ffffff;\"> Bruxelles : 00 32 473 410 672 (gsm)<\/span><\/p><p style=\"text-align: center;\"><span style=\"color: #ffffff;\"> Dur\u00e9e des entretiens : 1h<\/span><\/p><p style=\"text-align: center;\"><span style=\"color: #ffffff;\"> Enregistrement vivement conseill\u00e9.<\/span><\/p>\t\t<\/div>\n\n\t\t\n\t\t\t\t<\/div><!-- .dslc-module -->\n\t\t\n\t\t<div id=\"dslc-module-188\" class=\"dslc-module-front dslc-module-DSLC_Text_Simple dslc-in-viewport-check dslc-in-viewport-anim-none  dslc-col dslc-12-col dslc-last-col  dslc-module-handle-like-regular \" data-module-id=\"188\" data-module=\"DSLC_Text_Simple\" data-dslc-module-size=\"12\" data-dslc-anim=\"none\" data-dslc-anim-delay=\"0\" data-dslc-anim-duration=\"650\"  data-dslc-anim-easing=\"ease\" data-dslc-preset=\"none\" >\n\n\t\t\t\n\t\t\t\n\t\t\n\t\t<div class=\"dslc-text-module-content\">\n\t\t\t\t\t<\/div>\n\n\t\t\n\t\t\t\t<\/div><!-- .dslc-module -->\n\t\t<\/div><div class=\"dslc-modules-area dslc-col dslc-2-col dslc-last-col dslc-valign- \" data-size=\"2\" data-valign=\"\"><\/div><\/div><\/div>\n\t\t<div  class=\"dslc-modules-section  dslc-full \" style=\"margin-bottom:37px;padding-bottom:0px;padding-top:0px;\" data-section-id=\"74a2c00ce7c\">\n\t\t\t\t\n\t\t\t\t\n\t\t\t\t<div class=\"dslc-modules-section-wrapper dslc-clearfix\"><div class=\"dslc-modules-area dslc-col dslc-2-col dslc-first-col dslc-valign- \" data-size=\"2\" data-valign=\"\"><\/div><div class=\"dslc-modules-area dslc-col dslc-2-col  dslc-valign- \" data-size=\"2\" data-valign=\"\"><\/div><\/div><\/div><\/div><\/div>","protected":false},"excerpt":{"rendered":"<p>\u00a0 CONSULTATIONS \u00a0 Les diverses techniques astrologiques abordent l\u2019interpr\u00e9tation du Th\u00e8me Natal sous des angles diff\u00e9rents. Je vous propose donc de choisir la consultation la plus adapt\u00e9e \u00e0 votre questionnement du moment. L\u2019\u00e9tude structurale Le th\u00e8me d&rsquo;enfant L&rsquo;\u00e9tude pr\u00e9visionnelle L&rsquo;orientation professionnelle<\/p>\n","protected":false},"author":1,"featured_media":0,"parent":0,"menu_order":0,"comment_status":"closed","ping_status":"closed","template":"","meta":{"footnotes":""},"class_list":["post-17","page","type-page","status-publish"],"_links":{"self":[{"href":"https:\/\/astrologiestructurale.com\/index.php\/wp-json\/wp\/v2\/pages\/17","targetHints":{"allow":["GET"]}}],"collection":[{"href":"https:\/\/astrologiestructurale.com\/index.php\/wp-json\/wp\/v2\/pages"}],"about":[{"href":"https:\/\/astrologiestructurale.com\/index.php\/wp-json\/wp\/v2\/types\/page"}],"author":[{"embeddable":true,"href":"https:\/\/astrologiestructurale.com\/index.php\/wp-json\/wp\/v2\/users\/1"}],"replies":[{"embeddable":true,"href":"https:\/\/astrologiestructurale.com\/index.php\/wp-json\/wp\/v2\/comments?post=17"}],"version-history":[{"count":1,"href":"https:\/\/astrologiestructurale.com\/index.php\/wp-json\/wp\/v2\/pages\/17\/revisions"}],"predecessor-version":[{"id":18,"href":"https:\/\/astrologiestructurale.com\/index.php\/wp-json\/wp\/v2\/pages\/17\/revisions\/18"}],"wp:attachment":[{"href":"https:\/\/astrologiestructurale.com\/index.php\/wp-json\/wp\/v2\/media?parent=17"}],"curies":[{"name":"wp","href":"https:\/\/api.w.org\/{rel}","templated":true}]}}